{"id":2,"date":"2022-06-07T12:21:39","date_gmt":"2022-06-07T10:21:39","guid":{"rendered":"https:\/\/sv-schlering.de\/?page_id=2"},"modified":"2023-03-28T13:59:30","modified_gmt":"2023-03-28T11:59:30","slug":"sv-schlering","status":"publish","type":"page","link":"https:\/\/sv-schlering.de\/","title":{"rendered":""},"content":{"rendered":"\n<div style=\"height:25px\" aria-hidden=\"true\" class=\"wp-block-spacer\"><\/div>\n\n\n\n<figure class=\"wp-block-image size-full\"><img loading=\"lazy\" decoding=\"async\" width=\"698\" height=\"131\" src=\"https:\/\/sv-schlering.de\/wp-content\/uploads\/2022\/06\/Unbenannt.jpg\" alt=\"\" class=\"wp-image-46\" srcset=\"https:\/\/sv-schlering.de\/wp-content\/uploads\/2022\/06\/Unbenannt.jpg 698w, https:\/\/sv-schlering.de\/wp-content\/uploads\/2022\/06\/Unbenannt-300x56.jpg 300w\" sizes=\"auto, (max-width: 698px) 100vw, 698px\" \/><\/figure>\n\n\n\n<p class=\"has-x-large-font-size\"><strong>Herzlich Willkommen auf <\/strong><br><strong>SV-Schlering.de<\/strong><\/p>\n\n\n\n<p><strong>Gerne bin ich pers\u00f6nlich f\u00fcr Sie da<\/strong>!<\/p>\n\n\n\n<p>Ben\u00f6tigen Sie ein Gutachten bei einem unverschuldeten Kfz-Unfallschaden? Oder eine Fahrzeugbewertung?<\/p>\n\n\n\n<p>Dann melden Sie sich gerne \u00fcber die im Folgenden aufgef\u00fchrten Kontaktdaten bei mir.<\/p>\n\n\n\n<p><strong>Ingenieurb\u00fcro Schlering<\/strong><\/p>\n\n\n\n<figure class=\"wp-block-image size-full is-resized\"><img loading=\"lazy\" decoding=\"async\" src=\"https:\/\/sv-schlering.de\/wp-content\/uploads\/2022\/06\/ZerBlau-1.jpg\" alt=\"\" class=\"wp-image-50\" width=\"99\" height=\"60\"\/><\/figure>\n\n\n\n<p>von IfS GmbH zertifizierter Sachverst\u00e4ndiger f\u00fcr Kraftfahrzeugsch\u00e4den und -Bewertung<br>Dipl.-Ing. (FH) Dominik Schlering<br>Weitkamp 11<br>48317 Rinkerode<\/p>\n\n\n\n<p><strong>Telefon<br><\/strong>+49(0) 171 77 53 6 91<\/p>\n\n\n\n<p><strong>Mail<\/strong><br><a href=\"mailto:info@sv-schlering.de\">info@sv-schlering<\/a><a href=\"mailto:info@schlering.de\">.de<\/a><\/p>\n","protected":false},"excerpt":{"rendered":"<p>Herzlich Willkommen auf SV-Schlering.de Gerne bin ich pers\u00f6nlich f\u00fcr Sie da! Ben\u00f6tigen Sie ein Gutachten bei einem unverschuldeten Kfz-Unfallschaden? Oder eine Fahrzeugbewertung? Dann melden Sie sich gerne \u00fcber die im Folgenden aufgef\u00fchrten Kontaktdaten bei mir. Ingenieurb\u00fcro Schlering von IfS GmbH zertifizierter Sachverst\u00e4ndiger f\u00fcr Kraftfahrzeugsch\u00e4den und -BewertungDipl.-Ing. (FH) Dominik SchleringWeitkamp 1148317 Rinkerode Telefon+49(0) 171 77 53 [&hellip;]<\/p>\n","protected":false},"author":1,"featured_media":0,"parent":0,"menu_order":0,"comment_status":"closed","ping_status":"closed","template":"blank","meta":{"inline_featured_image":false,"footnotes":""},"class_list":["post-2","page","type-page","status-publish","hentry"],"_links":{"self":[{"href":"https:\/\/sv-schlering.de\/index.php?rest_route=\/wp\/v2\/pages\/2","targetHints":{"allow":["GET"]}}],"collection":[{"href":"https:\/\/sv-schlering.de\/index.php?rest_route=\/wp\/v2\/pages"}],"about":[{"href":"https:\/\/sv-schlering.de\/index.php?rest_route=\/wp\/v2\/types\/page"}],"author":[{"embeddable":true,"href":"https:\/\/sv-schlering.de\/index.php?rest_route=\/wp\/v2\/users\/1"}],"replies":[{"embeddable":true,"href":"https:\/\/sv-schlering.de\/index.php?rest_route=%2Fwp%2Fv2%2Fcomments&post=2"}],"version-history":[{"count":22,"href":"https:\/\/sv-schlering.de\/index.php?rest_route=\/wp\/v2\/pages\/2\/revisions"}],"predecessor-version":[{"id":60,"href":"https:\/\/sv-schlering.de\/index.php?rest_route=\/wp\/v2\/pages\/2\/revisions\/60"}],"wp:attachment":[{"href":"https:\/\/sv-schlering.de\/index.php?rest_route=%2Fwp%2Fv2%2Fmedia&parent=2"}],"curies":[{"name":"wp","href":"https:\/\/api.w.org\/{rel}","templated":true}]}}